{"id":4489,"date":"2024-11-04T19:49:52","date_gmt":"2024-11-04T19:49:52","guid":{"rendered":"https:\/\/forestone-design.com\/?post_type=product&#038;p=4489"},"modified":"2025-08-29T15:56:00","modified_gmt":"2025-08-29T15:56:00","slug":"crn-lesen-umivalnik-noir","status":"publish","type":"product","link":"https:\/\/forestone-design.com\/en\/product\/crn-lesen-umivalnik-noir\/","title":{"rendered":"Lesen umivalnik NOIR"},"content":{"rendered":"<p>Izdelek ne potrebuje nobenega dodatnega vzdr\u017eevanja.<\/p>","protected":false},"excerpt":{"rendered":"<p>Ro\u010dno izdelan lesen umivalnik obdelan s kvalitetnim kitom, pobarvan v \u010drno barvo in lakiran z anti-scratch lakom, ki nudi \u0161e dodatno za\u0161\u010dito pred praskami in po\u0161kodbami. Umivalnik ima standardno odto\u010dno odprtino in omogo\u010da enostavno monta\u017eo.<\/p>\n<p>Videz umivalnika zdru\u017euje rustikalni \u0161arm in sodobno eleganco ter zagotavlja trajnost in vodoodpornost.<\/p>\n<p>Dimenzije: <strong>v 15,5 x \u0161 41 x d 42 cm<\/strong><\/p>","protected":false},"featured_media":4478,"comment_status":"open","ping_status":"closed","template":"","meta":{"om_disable_all_campaigns":false,"inline_featured_image":false,"_monsterinsights_skip_tracking":false,"_monsterinsights_sitenote_active":false,"_monsterinsights_sitenote_note":"","_monsterinsights_sitenote_category":0},"product_cat":[68],"product_tag":[],"aioseo_notices":[],"_links":{"self":[{"href":"https:\/\/forestone-design.com\/en\/wp-json\/wp\/v2\/product\/4489"}],"collection":[{"href":"https:\/\/forestone-design.com\/en\/wp-json\/wp\/v2\/product"}],"about":[{"href":"https:\/\/forestone-design.com\/en\/wp-json\/wp\/v2\/types\/product"}],"replies":[{"embeddable":true,"href":"https:\/\/forestone-design.com\/en\/wp-json\/wp\/v2\/comments?post=4489"}],"wp:featuredmedia":[{"embeddable":true,"href":"https:\/\/forestone-design.com\/en\/wp-json\/wp\/v2\/media\/4478"}],"wp:attachment":[{"href":"https:\/\/forestone-design.com\/en\/wp-json\/wp\/v2\/media?parent=4489"}],"wp:term":[{"taxonomy":"product_cat","embeddable":true,"href":"https:\/\/forestone-design.com\/en\/wp-json\/wp\/v2\/product_cat?post=4489"},{"taxonomy":"product_tag","embeddable":true,"href":"https:\/\/forestone-design.com\/en\/wp-json\/wp\/v2\/product_tag?post=4489"}],"curies":[{"name":"wp","href":"https:\/\/api.w.org\/{rel}","templated":true}]}}