{"id":4465,"date":"2024-11-04T19:23:46","date_gmt":"2024-11-04T19:23:46","guid":{"rendered":"https:\/\/forestone-design.com\/?post_type=product&#038;p=4465"},"modified":"2024-11-04T19:32:04","modified_gmt":"2024-11-04T19:32:04","slug":"klubska-miza-iz-lesa-cesnje","status":"publish","type":"product","link":"https:\/\/forestone-design.com\/en\/product\/klubska-miza-iz-lesa-cesnje\/","title":{"rendered":"Klubska miza iz lesa \u010de\u0161nje"},"content":{"rendered":"","protected":false},"excerpt":{"rendered":"<p>Ro\u010dno izdelana klubska miza iz lesa \u010de\u0161nje s kovinskimi nogicami.<\/p>\n<p>Dimenzije: <strong>v 39 x \u0161 69 x d 110,5 cm<\/strong><\/p>","protected":false},"featured_media":4436,"comment_status":"open","ping_status":"closed","template":"","meta":{"om_disable_all_campaigns":false,"inline_featured_image":false,"_monsterinsights_skip_tracking":false,"_monsterinsights_sitenote_active":false,"_monsterinsights_sitenote_note":"","_monsterinsights_sitenote_category":0},"product_cat":[71],"product_tag":[],"aioseo_notices":[],"_links":{"self":[{"href":"https:\/\/forestone-design.com\/en\/wp-json\/wp\/v2\/product\/4465"}],"collection":[{"href":"https:\/\/forestone-design.com\/en\/wp-json\/wp\/v2\/product"}],"about":[{"href":"https:\/\/forestone-design.com\/en\/wp-json\/wp\/v2\/types\/product"}],"replies":[{"embeddable":true,"href":"https:\/\/forestone-design.com\/en\/wp-json\/wp\/v2\/comments?post=4465"}],"wp:featuredmedia":[{"embeddable":true,"href":"https:\/\/forestone-design.com\/en\/wp-json\/wp\/v2\/media\/4436"}],"wp:attachment":[{"href":"https:\/\/forestone-design.com\/en\/wp-json\/wp\/v2\/media?parent=4465"}],"wp:term":[{"taxonomy":"product_cat","embeddable":true,"href":"https:\/\/forestone-design.com\/en\/wp-json\/wp\/v2\/product_cat?post=4465"},{"taxonomy":"product_tag","embeddable":true,"href":"https:\/\/forestone-design.com\/en\/wp-json\/wp\/v2\/product_tag?post=4465"}],"curies":[{"name":"wp","href":"https:\/\/api.w.org\/{rel}","templated":true}]}}