{"id":4440,"date":"2024-11-04T18:43:08","date_gmt":"2024-11-04T18:43:08","guid":{"rendered":"https:\/\/forestone-design.com\/?post_type=product&#038;p=4440"},"modified":"2024-11-27T18:31:50","modified_gmt":"2024-11-27T18:31:50","slug":"masivna-klubska-miza-iz-hrasta","status":"publish","type":"product","link":"https:\/\/forestone-design.com\/en\/product\/masivna-klubska-miza-iz-hrasta\/","title":{"rendered":"Klubska miza iz hrasta"},"content":{"rendered":"<p>Lesena klubska miza je idealna izbira za osrednji prostor dnevne sobe, kjer bo izstopala kot unikaten kos, ki pri\u010dara doma\u010dnost in pridih narave.<\/p>","protected":false},"excerpt":{"rendered":"<p>Masivna ro\u010dno izdelana klubska miza iz hrastovega lesa prina\u0161a toplino in naravno lepoto v vsak prostor. Edinstvena masivna povr\u0161ina klubske mize s svojo teksturo in odtenki zdru\u017euje brez\u010dasno eleganco hrastovega lesa z modernim pridihom.<\/p>\n<p>Dimenzije: <strong>110 x v44 cm<\/strong><\/p>","protected":false},"featured_media":4450,"comment_status":"open","ping_status":"closed","template":"","meta":{"om_disable_all_campaigns":false,"inline_featured_image":false,"_monsterinsights_skip_tracking":false,"_monsterinsights_sitenote_active":false,"_monsterinsights_sitenote_note":"","_monsterinsights_sitenote_category":0},"product_cat":[71],"product_tag":[],"aioseo_notices":[],"_links":{"self":[{"href":"https:\/\/forestone-design.com\/en\/wp-json\/wp\/v2\/product\/4440"}],"collection":[{"href":"https:\/\/forestone-design.com\/en\/wp-json\/wp\/v2\/product"}],"about":[{"href":"https:\/\/forestone-design.com\/en\/wp-json\/wp\/v2\/types\/product"}],"replies":[{"embeddable":true,"href":"https:\/\/forestone-design.com\/en\/wp-json\/wp\/v2\/comments?post=4440"}],"wp:featuredmedia":[{"embeddable":true,"href":"https:\/\/forestone-design.com\/en\/wp-json\/wp\/v2\/media\/4450"}],"wp:attachment":[{"href":"https:\/\/forestone-design.com\/en\/wp-json\/wp\/v2\/media?parent=4440"}],"wp:term":[{"taxonomy":"product_cat","embeddable":true,"href":"https:\/\/forestone-design.com\/en\/wp-json\/wp\/v2\/product_cat?post=4440"},{"taxonomy":"product_tag","embeddable":true,"href":"https:\/\/forestone-design.com\/en\/wp-json\/wp\/v2\/product_tag?post=4440"}],"curies":[{"name":"wp","href":"https:\/\/api.w.org\/{rel}","templated":true}]}}