{"id":4425,"date":"2024-11-04T17:45:10","date_gmt":"2024-11-04T17:45:10","guid":{"rendered":"https:\/\/forestone-design.com\/?post_type=product&#038;p=4425"},"modified":"2024-11-12T19:11:29","modified_gmt":"2024-11-12T19:11:29","slug":"lesena-klubska-miza-iz-korenine-lux","status":"publish","type":"product","link":"https:\/\/forestone-design.com\/en\/product\/lesena-klubska-miza-iz-korenine-lux\/","title":{"rendered":"Klubska miza iz korenine LUX"},"content":{"rendered":"","protected":false},"excerpt":{"rendered":"<p>Atraktivna klubska miza, izdelana iz korenine starega javorja, zdru\u017euje rustikalni \u0161arm in sodobno eleganco. Korenina je bila skozi desetletja oblikovana s strani narave, drzna \u010drna barva in zlati detajli\u00a0 pa ji dodajo edinstven zna\u010daj.<\/p>\n<p>Klubska miza je za\u0161\u010ditena z impregnacijo in kitom, kar zagotavlja dolgotrajno obstojnost, medtem ko vrhunski anti-scratch lak nudi \u0161e dodatno za\u0161\u010dito pred praskami in po\u0161kodbami. Gre za funkcionalen kos pohi\u0161tva, ki pritegne pozornost in doda prefinjenost vsakemu prostoru.<\/p>\n<p>Dimenzije: <strong>110 x82 x v40 cm\u00a0<\/strong>(debelina plo\u0161\u010de: 10,5 cm)<\/p>\n<p>&nbsp;<\/p>\n<p>&nbsp;<\/p>","protected":false},"featured_media":4418,"comment_status":"open","ping_status":"closed","template":"","meta":{"om_disable_all_campaigns":false,"inline_featured_image":false,"_monsterinsights_skip_tracking":false,"_monsterinsights_sitenote_active":false,"_monsterinsights_sitenote_note":"","_monsterinsights_sitenote_category":0},"product_cat":[71],"product_tag":[],"aioseo_notices":[],"_links":{"self":[{"href":"https:\/\/forestone-design.com\/en\/wp-json\/wp\/v2\/product\/4425"}],"collection":[{"href":"https:\/\/forestone-design.com\/en\/wp-json\/wp\/v2\/product"}],"about":[{"href":"https:\/\/forestone-design.com\/en\/wp-json\/wp\/v2\/types\/product"}],"replies":[{"embeddable":true,"href":"https:\/\/forestone-design.com\/en\/wp-json\/wp\/v2\/comments?post=4425"}],"wp:featuredmedia":[{"embeddable":true,"href":"https:\/\/forestone-design.com\/en\/wp-json\/wp\/v2\/media\/4418"}],"wp:attachment":[{"href":"https:\/\/forestone-design.com\/en\/wp-json\/wp\/v2\/media?parent=4425"}],"wp:term":[{"taxonomy":"product_cat","embeddable":true,"href":"https:\/\/forestone-design.com\/en\/wp-json\/wp\/v2\/product_cat?post=4425"},{"taxonomy":"product_tag","embeddable":true,"href":"https:\/\/forestone-design.com\/en\/wp-json\/wp\/v2\/product_tag?post=4425"}],"curies":[{"name":"wp","href":"https:\/\/api.w.org\/{rel}","templated":true}]}}