{"id":4414,"date":"2024-05-12T17:24:27","date_gmt":"2024-05-12T17:24:27","guid":{"rendered":"https:\/\/forestone-design.com\/?post_type=product&#038;p=4414"},"modified":"2024-12-04T18:56:02","modified_gmt":"2024-12-04T18:56:02","slug":"rocno-izdelana-lesena-garnitura","status":"publish","type":"product","link":"https:\/\/forestone-design.com\/en\/product\/rocno-izdelana-lesena-garnitura\/","title":{"rendered":"Ro\u010dno izdelana lesena garnitura"},"content":{"rendered":"<p>Eleganten 3-delni leseni set je sestavljen iz dveh po\u010divalnikov in klubske mize. Gre za povezan trio, ki skupaj ali posami\u010dno kreira harmoni\u010den in estetsko dovr\u0161en ambient. Mehke, okrogle linije vsakega elementa seta \u017ee na prvi pogled prena\u0161ajo ob\u010dutek udobja, spro\u0161\u010denosti in elegance.<\/p>\n<p>Gre za masivne lesene kose oblikovane z misijo reuporabe 150 let starega hloda lipe. Za za\u0161\u010dito in dolgo obstojnost so vsi kosi premazani z impregnacijo in kitom ter vrhunskim anti-scratch lakom.<\/p>\n<p>&nbsp;<\/p>\n<p>&nbsp;<\/p>","protected":false},"excerpt":{"rendered":"<p>Minimalisti\u010den in prefinjeno oblikovan komplet, ki je popolna izbira za vse, ki cenijo okolju prijazen pristop k oblikovanju in \u017eelijo svoj dom zaznamovati s pridihom naravne elegance.<\/p>\n<p><em>** Opomba: Na fotografijah so izdelki postavljeni na razstavne lesene \u0161tore, ki niso v ponudbi in slu\u017eijo zgolj za la\u017eje fotografiranje v omejenem prostoru.<\/em><\/p>","protected":false},"featured_media":4500,"comment_status":"open","ping_status":"closed","template":"","meta":{"om_disable_all_campaigns":false,"inline_featured_image":false,"_monsterinsights_skip_tracking":false,"_monsterinsights_sitenote_active":false,"_monsterinsights_sitenote_note":"","_monsterinsights_sitenote_category":0},"product_cat":[17],"product_tag":[],"aioseo_notices":[],"_links":{"self":[{"href":"https:\/\/forestone-design.com\/en\/wp-json\/wp\/v2\/product\/4414"}],"collection":[{"href":"https:\/\/forestone-design.com\/en\/wp-json\/wp\/v2\/product"}],"about":[{"href":"https:\/\/forestone-design.com\/en\/wp-json\/wp\/v2\/types\/product"}],"replies":[{"embeddable":true,"href":"https:\/\/forestone-design.com\/en\/wp-json\/wp\/v2\/comments?post=4414"}],"wp:featuredmedia":[{"embeddable":true,"href":"https:\/\/forestone-design.com\/en\/wp-json\/wp\/v2\/media\/4500"}],"wp:attachment":[{"href":"https:\/\/forestone-design.com\/en\/wp-json\/wp\/v2\/media?parent=4414"}],"wp:term":[{"taxonomy":"product_cat","embeddable":true,"href":"https:\/\/forestone-design.com\/en\/wp-json\/wp\/v2\/product_cat?post=4414"},{"taxonomy":"product_tag","embeddable":true,"href":"https:\/\/forestone-design.com\/en\/wp-json\/wp\/v2\/product_tag?post=4414"}],"curies":[{"name":"wp","href":"https:\/\/api.w.org\/{rel}","templated":true}]}}