{"id":4359,"date":"2023-11-18T18:37:45","date_gmt":"2023-11-18T18:37:45","guid":{"rendered":"https:\/\/forestone-design.com\/?post_type=product&#038;p=4359"},"modified":"2025-08-29T15:56:08","modified_gmt":"2025-08-29T15:56:08","slug":"maple-leaf-lesen-umivalnik","status":"publish","type":"product","link":"https:\/\/forestone-design.com\/en\/product\/maple-leaf-lesen-umivalnik\/","title":{"rendered":"Lesen umivalnik MAPLE LEAF"},"content":{"rendered":"<p><strong>Luksuz vsakdanjega \u017eivljenja.<\/strong><\/p>\n<p>FORESTONE DESIGN leseni umivalniki so umivalniki z edinstvenim zna\u010dajem. Ker gre za ro\u010dno oblikovane unikate je mo\u017ena tudi izdelava po naro\u010dilu in popolna prilagoditev va\u0161im \u017eeljam.<\/p>","protected":false},"excerpt":{"rendered":"<p>Lesen umivalnik iz javorjevega lesa zdru\u017euje uporabnost in rokodelsko spretnost. Inspiracija njegove oblike je narava sama v podobi silhuete javorjevega lista.<\/p>\n<p>Umivalnik ima standardno odto\u010dno odprtino in omogo\u010da enostavno monta\u017eo. Zaklju\u010den je s 7 sloji za\u0161\u010dite (epoksi in zelo kvaliteten mat lak), tako da je trajno vodoodporen in ne potrebuje nobenega dodatnega vzdr\u017eevanja.<\/p>\n<p><strong>CENA PO POVPRA\u0160EVANJU:<\/strong>\u00a0<a href=\"mailto:%20forestone.info@gmail.com\">forestone.info@gmail.com\u00a0<\/a><\/p>\n<p><strong>V fizi\u010dni trgovini <a href=\"https:\/\/www.vistra-butik.si\/sl\/\">VISTRA BUTIK<\/a> v Dom\u017ealah si lahko kamnit umivalnik MAPLE LEAF ogledate tudi v \u017eivo. Vabljeni!\u00a0\u00a0<\/strong><\/p>","protected":false},"featured_media":4286,"comment_status":"open","ping_status":"closed","template":"","meta":{"om_disable_all_campaigns":false,"inline_featured_image":false,"_monsterinsights_skip_tracking":false,"_monsterinsights_sitenote_active":false,"_monsterinsights_sitenote_note":"","_monsterinsights_sitenote_category":0},"product_cat":[68],"product_tag":[],"aioseo_notices":[],"_links":{"self":[{"href":"https:\/\/forestone-design.com\/en\/wp-json\/wp\/v2\/product\/4359"}],"collection":[{"href":"https:\/\/forestone-design.com\/en\/wp-json\/wp\/v2\/product"}],"about":[{"href":"https:\/\/forestone-design.com\/en\/wp-json\/wp\/v2\/types\/product"}],"replies":[{"embeddable":true,"href":"https:\/\/forestone-design.com\/en\/wp-json\/wp\/v2\/comments?post=4359"}],"wp:featuredmedia":[{"embeddable":true,"href":"https:\/\/forestone-design.com\/en\/wp-json\/wp\/v2\/media\/4286"}],"wp:attachment":[{"href":"https:\/\/forestone-design.com\/en\/wp-json\/wp\/v2\/media?parent=4359"}],"wp:term":[{"taxonomy":"product_cat","embeddable":true,"href":"https:\/\/forestone-design.com\/en\/wp-json\/wp\/v2\/product_cat?post=4359"},{"taxonomy":"product_tag","embeddable":true,"href":"https:\/\/forestone-design.com\/en\/wp-json\/wp\/v2\/product_tag?post=4359"}],"curies":[{"name":"wp","href":"https:\/\/api.w.org\/{rel}","templated":true}]}}