{"id":4355,"date":"2023-11-18T17:58:57","date_gmt":"2023-11-18T17:58:57","guid":{"rendered":"https:\/\/forestone-design.com\/?post_type=product&#038;p=4355"},"modified":"2025-09-16T11:55:35","modified_gmt":"2025-09-16T11:55:35","slug":"amadeus-lesen-umivalnik-iz-hrasta","status":"publish","type":"product","link":"https:\/\/forestone-design.com\/en\/product\/amadeus-lesen-umivalnik-iz-hrasta\/","title":{"rendered":"Atraktiven lesen umivalnik iz hrasta AMADEUS"},"content":{"rendered":"<p><strong>Luksuz vsakdanjega \u017eivljenja. <\/strong><\/p>","protected":false},"excerpt":{"rendered":"<p>Dizajn lesenega umivalnika AMADEUS je oblikovan iz cenjenega hrastovega lesa. Preprosta a elegantna oblika \u0161e bolj poudarja poezijo lesa.<\/p>\n<p>Umivalnik ima standardno odto\u010dno odprtino in omogo\u010da enostavno monta\u017eo. Zaklju\u010den je s 7 sloji za\u0161\u010dite (epoksi in zelo kvaliteten mat lak), tako da je trajno vodoodporen in ne potrebuje nobenega dodatnega vzdr\u017eevanja.<\/p>\n<p><strong>CENA PO POVPRA\u0160EVANJU:<\/strong>\u00a0<a href=\"mailto:%20forestone.info@gmail.com\">forestone.info@gmail.com\u00a0<\/a><\/p>\n<p><strong>V fizi\u010dni trgovini <a href=\"https:\/\/www.vistra-butik.si\/sl\/\">VISTRA BUTIK<\/a> v Dom\u017ealah si lahko lesen umivalnik AMADEUS ogledate tudi v \u017eivo. Vabljeni!\u00a0\u00a0<\/strong><\/p>","protected":false},"featured_media":4268,"comment_status":"open","ping_status":"closed","template":"","meta":{"om_disable_all_campaigns":false,"inline_featured_image":false,"_monsterinsights_skip_tracking":false,"_monsterinsights_sitenote_active":false,"_monsterinsights_sitenote_note":"","_monsterinsights_sitenote_category":0},"product_cat":[68],"product_tag":[],"aioseo_notices":[],"_links":{"self":[{"href":"https:\/\/forestone-design.com\/en\/wp-json\/wp\/v2\/product\/4355"}],"collection":[{"href":"https:\/\/forestone-design.com\/en\/wp-json\/wp\/v2\/product"}],"about":[{"href":"https:\/\/forestone-design.com\/en\/wp-json\/wp\/v2\/types\/product"}],"replies":[{"embeddable":true,"href":"https:\/\/forestone-design.com\/en\/wp-json\/wp\/v2\/comments?post=4355"}],"wp:featuredmedia":[{"embeddable":true,"href":"https:\/\/forestone-design.com\/en\/wp-json\/wp\/v2\/media\/4268"}],"wp:attachment":[{"href":"https:\/\/forestone-design.com\/en\/wp-json\/wp\/v2\/media?parent=4355"}],"wp:term":[{"taxonomy":"product_cat","embeddable":true,"href":"https:\/\/forestone-design.com\/en\/wp-json\/wp\/v2\/product_cat?post=4355"},{"taxonomy":"product_tag","embeddable":true,"href":"https:\/\/forestone-design.com\/en\/wp-json\/wp\/v2\/product_tag?post=4355"}],"curies":[{"name":"wp","href":"https:\/\/api.w.org\/{rel}","templated":true}]}}