{"id":4181,"date":"2023-03-28T09:23:22","date_gmt":"2023-03-28T09:23:22","guid":{"rendered":"https:\/\/forestone-design.com\/?post_type=product&#038;p=4181"},"modified":"2024-05-12T18:11:27","modified_gmt":"2024-05-12T18:11:27","slug":"rocno-izklesan-kamnit-umivalnik-v-xl-velikosti","status":"publish","type":"product","link":"https:\/\/forestone-design.com\/en\/product\/rocno-izklesan-kamnit-umivalnik-v-xl-velikosti\/","title":{"rendered":"Kamnit umivalnik AQUARIUS XL"},"content":{"rendered":"<p><a href=\"https:\/\/forestone-design.com\/en\/2022\/09\/29\/kako-nastajajo-kamniti-umivalniki-forstone-design\/\">Kako nastajajo umivalniki iz naravnega kamna?<\/a> Delo se za\u010dne \u017ee pri iskanju primernega kamna (gre za do 250kg te\u017eke monolite). Proces oblikovanja pa se za\u010dne v FORESTONE DESIGN delavnici, kjer se v prvem koraku izri\u0161e groba oblika umivalnika. Nato sledi ve\u010d dnevno ro\u010dno rezanje in klesanje kamna do \u017eeljene podobe. V naslednjem koraku sledi postopek bru\u0161enja s katerim odstranimo vse sledove orodij iz prej\u0161njih korakov. Sledi natan\u010dno vrtanje odto\u010dne odprtine. Predzadnji korak je poliranje do visokega sijaja, zadnji korak pa je ve\u010dslojni nanos impregnacijske nano za\u0161\u010dite. Zadnji korak za\u0161\u010diti umivalnik pred umazanijo in vodo ter podalj\u0161a njegovo \u017eivljenjsko dobo.<\/p>","protected":false},"excerpt":{"rendered":"<p><strong>Kamnit umivalnik v XL velikosti je ro\u010dno oblikovan unikat.<\/strong><\/p>\n<p>Zunanja stran umivalnika je oblikovana v robustno, naravno ovalno obliko. Notranja stran umivalnika pa je visoko polirana in za\u0161\u010ditena z impregnacijo proti nabiranju vodnega kamna. Tovrstna obdelava kamna ustvarja \u010dudovit kontrast oblik med grobim zunanjim delom umivalnika in fino spoliranim notranjim delom.<\/p>\n<p><strong>Mere umivalnika: 84 x 46 x18 cm\u00a0<\/strong><\/p>\n<p><b>Te\u017ea umivalnika: 85 kg<\/b><\/p>\n<p><strong>CENA PO POVPRA\u0160EVANJU:<\/strong>\u00a0<a href=\"mailto:%20forestone.info@gmail.com\">forestone.info@gmail.com<\/a><\/p>","protected":false},"featured_media":4180,"comment_status":"open","ping_status":"closed","template":"","meta":{"om_disable_all_campaigns":false,"inline_featured_image":false,"_monsterinsights_skip_tracking":false,"_monsterinsights_sitenote_active":false,"_monsterinsights_sitenote_note":"","_monsterinsights_sitenote_category":0},"product_cat":[63],"product_tag":[],"aioseo_notices":[],"_links":{"self":[{"href":"https:\/\/forestone-design.com\/en\/wp-json\/wp\/v2\/product\/4181"}],"collection":[{"href":"https:\/\/forestone-design.com\/en\/wp-json\/wp\/v2\/product"}],"about":[{"href":"https:\/\/forestone-design.com\/en\/wp-json\/wp\/v2\/types\/product"}],"replies":[{"embeddable":true,"href":"https:\/\/forestone-design.com\/en\/wp-json\/wp\/v2\/comments?post=4181"}],"wp:featuredmedia":[{"embeddable":true,"href":"https:\/\/forestone-design.com\/en\/wp-json\/wp\/v2\/media\/4180"}],"wp:attachment":[{"href":"https:\/\/forestone-design.com\/en\/wp-json\/wp\/v2\/media?parent=4181"}],"wp:term":[{"taxonomy":"product_cat","embeddable":true,"href":"https:\/\/forestone-design.com\/en\/wp-json\/wp\/v2\/product_cat?post=4181"},{"taxonomy":"product_tag","embeddable":true,"href":"https:\/\/forestone-design.com\/en\/wp-json\/wp\/v2\/product_tag?post=4181"}],"curies":[{"name":"wp","href":"https:\/\/api.w.org\/{rel}","templated":true}]}}