{"id":4158,"date":"2023-03-28T08:59:34","date_gmt":"2023-03-28T08:59:34","guid":{"rendered":"https:\/\/forestone-design.com\/?post_type=product&#038;p=4158"},"modified":"2025-07-31T20:02:39","modified_gmt":"2025-07-31T20:02:39","slug":"kuksa-lesena-skodelica-iz-oljke-2","status":"publish","type":"product","link":"https:\/\/forestone-design.com\/en\/product\/kuksa-lesena-skodelica-iz-oljke-2\/","title":{"rendered":"Kuksa &#8211; lesena skodelica iz oljke"},"content":{"rendered":"<p><a href=\"https:\/\/forestone-design.com\/en\/2022\/09\/29\/kako-nastajajo-lesene-skodelice-forestone-design\/\">Roc\u030cno izdelane lesene skodelice<\/a> skandinavskega pridiha so zmagovalna kombinacije estetike in uporabnosti. Gre za skodelice, ki slavijo neizmerno predanost naravi, poezijo naravnih linij in vrhunsko rokodelstvo.<\/p>\n<p><strong>NAVODILA ZA UPORABO IN NEGOVANJE:\u00a0<\/strong>Leseno skodelico je potrebno splakovati le z vodo in jo nato osu\u0161iti s suho krpo.Gre za izdelek, ki se pomiva ro\u010dno in ne v pomivalnem stroju.<\/p>\n<p>Lesena skodelica je namenjena tako mrzlim kot toplim pija\u010dam. Priporo\u010deno je le, da se vanjo ne zliva vrele teko\u010dine temve\u010d vro\u010do. Ko se vzame vrelo \u010daj\/kavo iz plina je priporo\u010deno, da se po\u010daka kak\u0161no minutko, preden se teko\u010dino zlije v skodelico.<\/p>","protected":false},"excerpt":{"rendered":"<p><strong>Lesena skodelica ali KUKSA.<\/strong><\/p>\n<p>Ne gre za navadno skodelico ampak za zelo osebni predmet \u2013 skodelico, ki nas v udobju doma povezuje z naravo in hkrati skodelico, ki jo lahko teleportiramo kamorkoli in z njo u\u017eivamo v najljub\u0161ih razgledih.Estetsko dovr\u0161ena skodelica iz naravnega materiala kot je les v vsakodnevno rutino pitja najljub\u0161e kave ali \u010daja vnese prav posebno magi\u010dnost.<\/p>\n<p><strong>Skodelica na fotografiji je nastala iz dragocenega lesa oljke.\u00a0<\/strong><\/p>\n<p>Zakaj je KUKSA tako posebna? Vsaka FORESTONE DESIGN skodelica je skrbno izrisana na poljubno izbranem lesu in nato premi\u0161ljeno obdelana v ve\u010d dnevnem procesu ro\u010dne izdelave.<strong>Ena sama lesena skodelica nastaja od deset do kar dvajset dni.<\/strong> V kon\u010dnem koraku je skodelica obdelana z ve\u010d sloji za\u0161\u010dite, ki so primerni za kontakt s hrano in pija\u010do.<\/p>\n<p><strong>Mere skodelice: 16x10xv7 \/ 2,5 dl<\/strong><\/p>\n<p><strong>Ro\u010dno narejena v Sloveniji, iz slovenskega lesa.<\/strong><\/p>\n<p>Skodelica je primerna tako za hladne kot tople pija\u010de.<\/p>","protected":false},"featured_media":4159,"comment_status":"open","ping_status":"closed","template":"","meta":{"om_disable_all_campaigns":false,"inline_featured_image":false,"_monsterinsights_skip_tracking":false,"_monsterinsights_sitenote_active":false,"_monsterinsights_sitenote_note":"","_monsterinsights_sitenote_category":0},"product_cat":[67],"product_tag":[],"aioseo_notices":[],"_links":{"self":[{"href":"https:\/\/forestone-design.com\/en\/wp-json\/wp\/v2\/product\/4158"}],"collection":[{"href":"https:\/\/forestone-design.com\/en\/wp-json\/wp\/v2\/product"}],"about":[{"href":"https:\/\/forestone-design.com\/en\/wp-json\/wp\/v2\/types\/product"}],"replies":[{"embeddable":true,"href":"https:\/\/forestone-design.com\/en\/wp-json\/wp\/v2\/comments?post=4158"}],"wp:featuredmedia":[{"embeddable":true,"href":"https:\/\/forestone-design.com\/en\/wp-json\/wp\/v2\/media\/4159"}],"wp:attachment":[{"href":"https:\/\/forestone-design.com\/en\/wp-json\/wp\/v2\/media?parent=4158"}],"wp:term":[{"taxonomy":"product_cat","embeddable":true,"href":"https:\/\/forestone-design.com\/en\/wp-json\/wp\/v2\/product_cat?post=4158"},{"taxonomy":"product_tag","embeddable":true,"href":"https:\/\/forestone-design.com\/en\/wp-json\/wp\/v2\/product_tag?post=4158"}],"curies":[{"name":"wp","href":"https:\/\/api.w.org\/{rel}","templated":true}]}}