{"id":4098,"date":"2023-03-27T16:56:12","date_gmt":"2023-03-27T16:56:12","guid":{"rendered":"https:\/\/forestone-design.com\/?post_type=product&#038;p=4098"},"modified":"2025-08-29T15:57:23","modified_gmt":"2025-08-29T15:57:23","slug":"masivna-lesena-skleda-v-obliki-srca","status":"publish","type":"product","link":"https:\/\/forestone-design.com\/en\/product\/masivna-lesena-skleda-v-obliki-srca\/","title":{"rendered":"Umetni\u0161ka XXL lesena skleda v obliki srca"},"content":{"rendered":"<p>Trajnostni izdelki iz slovenskega lesa v dom vna\u0161ajo toplino in pristno naravno energijo.<\/p>","protected":false},"excerpt":{"rendered":"<p>Iz srca v srce.Unikatna masivna lesena skleda je ro\u010dno izrisana in obdelana iz enega kosa dragocene orehove korenine.<\/p>\n<p>Skleda je nastala s pomo\u010djo kiparsko-rokodelske umetnosti, njena oblika pa spominja na organ srca. Njena posebnost so \u010dudovite naravne linije in skrbno izrezbarjeni detajli.<\/p>\n<p>V kon\u010dnem koraku je skleda obdelana z ve\u010d sloji za\u0161\u010dite, ki so primerni za kontakt s hrano.<\/p>\n<p><strong>Ro\u010dno narejeno v Sloveniji, iz slovenskega lesa.<\/strong><\/p>\n<p><strong>Mere sklede: 60 x 45 x 12 cm (vi\u0161ina)<\/strong><\/p>","protected":false},"featured_media":4100,"comment_status":"open","ping_status":"closed","template":"","meta":{"om_disable_all_campaigns":false,"inline_featured_image":false,"_monsterinsights_skip_tracking":false,"_monsterinsights_sitenote_active":false,"_monsterinsights_sitenote_note":"","_monsterinsights_sitenote_category":0},"product_cat":[67],"product_tag":[],"aioseo_notices":[],"_links":{"self":[{"href":"https:\/\/forestone-design.com\/en\/wp-json\/wp\/v2\/product\/4098"}],"collection":[{"href":"https:\/\/forestone-design.com\/en\/wp-json\/wp\/v2\/product"}],"about":[{"href":"https:\/\/forestone-design.com\/en\/wp-json\/wp\/v2\/types\/product"}],"replies":[{"embeddable":true,"href":"https:\/\/forestone-design.com\/en\/wp-json\/wp\/v2\/comments?post=4098"}],"wp:featuredmedia":[{"embeddable":true,"href":"https:\/\/forestone-design.com\/en\/wp-json\/wp\/v2\/media\/4100"}],"wp:attachment":[{"href":"https:\/\/forestone-design.com\/en\/wp-json\/wp\/v2\/media?parent=4098"}],"wp:term":[{"taxonomy":"product_cat","embeddable":true,"href":"https:\/\/forestone-design.com\/en\/wp-json\/wp\/v2\/product_cat?post=4098"},{"taxonomy":"product_tag","embeddable":true,"href":"https:\/\/forestone-design.com\/en\/wp-json\/wp\/v2\/product_tag?post=4098"}],"curies":[{"name":"wp","href":"https:\/\/api.w.org\/{rel}","templated":true}]}}