{"id":3944,"date":"2023-01-24T16:49:10","date_gmt":"2023-01-24T16:49:10","guid":{"rendered":"https:\/\/forestone-design.com\/?post_type=product&#038;p=3944"},"modified":"2025-09-30T00:54:17","modified_gmt":"2025-09-30T00:54:17","slug":"dvojna-klubska-mizica-iz-granita","status":"publish","type":"product","link":"https:\/\/forestone-design.com\/en\/product\/dvojna-klubska-mizica-iz-granita\/","title":{"rendered":"Klubska miza iz granita BONITA"},"content":{"rendered":"<p>Dvojna klubska miza iz granita predstavlja edinstven kos povsem ro\u010dno izdelanega kamnitega pohi\u0161tva vrhunske kakovosti.<\/p>","protected":false},"excerpt":{"rendered":"<p>BONITA je dizajn klubske mizice, ki zdru\u017euje naravno lepoto kamna in sodoben pristop k oblikovanju multifunkcionlnega pohi\u0161tva.<\/p>\n<p>Dvojna klubska mizica iz granita lahko v prostoru stoji povezano ali lo\u010deno &#8211; po \u017eeljah posameznika.<\/p>\n<p>Namizni plo\u0161\u010di sta oblikovani iz trpe\u017enega in cenjenega granita.<\/p>\n<p>Poseben detajl dizajna granitne mizice pa predstavlja tudi \u017eelzno podno\u017eje, ki je prav tako ro\u010dno krivljeno in zvarjeno v na\u0161i delavnici.<\/p>\n<p><strong>Mere ve\u010dje mizice: 61x 51x vi\u0161ina 38,5 cm <\/strong><\/p>\n<p><strong>Mere manj\u0161e mizice: 46x 36x vi\u0161ina 24,5 cm<\/strong><\/p>\n<p>Vse FORSTONE DESIGN izdelke oblikujemo in izdelujemo v lastni delavnici, kar nam omogo\u010da, da lahko izdelke oblikujemo tudi povsem po va\u0161ih \u017eeljah. V primeru, da imate zamisel za izdelek, ki bi ga radi uresni\u010dili, nam pi\u0161ite na <a href=\"mailto:%20forestone.info@gmail.com\">forestone.info@gmail.com<\/a> .<\/p>","protected":false},"featured_media":3936,"comment_status":"open","ping_status":"closed","template":"","meta":{"om_disable_all_campaigns":false,"inline_featured_image":false,"_monsterinsights_skip_tracking":false,"_monsterinsights_sitenote_active":false,"_monsterinsights_sitenote_note":"","_monsterinsights_sitenote_category":0},"product_cat":[71],"product_tag":[],"aioseo_notices":[],"_links":{"self":[{"href":"https:\/\/forestone-design.com\/en\/wp-json\/wp\/v2\/product\/3944"}],"collection":[{"href":"https:\/\/forestone-design.com\/en\/wp-json\/wp\/v2\/product"}],"about":[{"href":"https:\/\/forestone-design.com\/en\/wp-json\/wp\/v2\/types\/product"}],"replies":[{"embeddable":true,"href":"https:\/\/forestone-design.com\/en\/wp-json\/wp\/v2\/comments?post=3944"}],"wp:featuredmedia":[{"embeddable":true,"href":"https:\/\/forestone-design.com\/en\/wp-json\/wp\/v2\/media\/3936"}],"wp:attachment":[{"href":"https:\/\/forestone-design.com\/en\/wp-json\/wp\/v2\/media?parent=3944"}],"wp:term":[{"taxonomy":"product_cat","embeddable":true,"href":"https:\/\/forestone-design.com\/en\/wp-json\/wp\/v2\/product_cat?post=3944"},{"taxonomy":"product_tag","embeddable":true,"href":"https:\/\/forestone-design.com\/en\/wp-json\/wp\/v2\/product_tag?post=3944"}],"curies":[{"name":"wp","href":"https:\/\/api.w.org\/{rel}","templated":true}]}}