{"id":3927,"date":"2023-01-19T16:22:53","date_gmt":"2023-01-19T16:22:53","guid":{"rendered":"https:\/\/forestone-design.com\/?post_type=product&#038;p=3927"},"modified":"2025-09-16T11:55:22","modified_gmt":"2025-09-16T11:55:22","slug":"unikatna-lesena-luc-tree-of-life","status":"publish","type":"product","link":"https:\/\/forestone-design.com\/en\/product\/unikatna-lesena-luc-tree-of-life\/","title":{"rendered":"Samostoje\u010da lesena svetilka &#8211; TREE OF LIFE"},"content":{"rendered":"<p>Unikatna lesena lu\u010d v domu ustvarja pristen stik z naravo. Gre za element, ki s klikom na stikalo o\u017eivi prostor in \u017ee takoj na prvi pogled asociira na lepoto naravnih dreves.<\/p>","protected":false},"excerpt":{"rendered":"<p>Unikatna lesena lu\u010d predstavlja edinstven kos pohi\u0161tva, ki o\u017eivi in razsvetli prostor vsaki\u010d, ko lu\u010d pri\u017egemo.<\/p>\n<p>Navdih za lu\u010d A TREE OF LIFE je bilo odkritje zanimive naplavine, ki je s svojo razvejanostjo in slikovitostjo kar klicala po inovativni (re)uporabi. Gre za kos lesa z karakterjem, ki predstavlja odli\u010dno osnovo za zares nenavaden, izstopajo\u010d kos pohi\u0161tva.<\/p>\n<p>Po temeljiti obdelavi naplavine je bilo potrebno le to v procesu oblikovanja lu\u010di opremiti z vsemi klju\u010dnimi funkcionalnimi elementi.<\/p>\n<p>Trije vise\u010di lon\u010dki so ro\u010dno izrezbarjeni iz dragocenega lesa oljke. Lu\u010d je opremljena s stikalom in kamnitim podstavkom.<\/p>\n<p>Pri naro\u010dilu lahko izbirate med dvema kamnitima podstavkoma: med belim in \u010drnim granitnim podstavkom.<\/p>\n<p><strong>Narejeno v Sloveniji.<\/strong><\/p>\n<p><strong>Mere lu\u010di: 110 x 61 cm (vi\u0161ina)<\/strong><\/p>\n<p>&nbsp;<\/p>","protected":false},"featured_media":4052,"comment_status":"open","ping_status":"closed","template":"","meta":{"om_disable_all_campaigns":false,"inline_featured_image":false,"_monsterinsights_skip_tracking":false,"_monsterinsights_sitenote_active":false,"_monsterinsights_sitenote_note":"","_monsterinsights_sitenote_category":0},"product_cat":[17],"product_tag":[],"aioseo_notices":[],"_links":{"self":[{"href":"https:\/\/forestone-design.com\/en\/wp-json\/wp\/v2\/product\/3927"}],"collection":[{"href":"https:\/\/forestone-design.com\/en\/wp-json\/wp\/v2\/product"}],"about":[{"href":"https:\/\/forestone-design.com\/en\/wp-json\/wp\/v2\/types\/product"}],"replies":[{"embeddable":true,"href":"https:\/\/forestone-design.com\/en\/wp-json\/wp\/v2\/comments?post=3927"}],"wp:featuredmedia":[{"embeddable":true,"href":"https:\/\/forestone-design.com\/en\/wp-json\/wp\/v2\/media\/4052"}],"wp:attachment":[{"href":"https:\/\/forestone-design.com\/en\/wp-json\/wp\/v2\/media?parent=3927"}],"wp:term":[{"taxonomy":"product_cat","embeddable":true,"href":"https:\/\/forestone-design.com\/en\/wp-json\/wp\/v2\/product_cat?post=3927"},{"taxonomy":"product_tag","embeddable":true,"href":"https:\/\/forestone-design.com\/en\/wp-json\/wp\/v2\/product_tag?post=3927"}],"curies":[{"name":"wp","href":"https:\/\/api.w.org\/{rel}","templated":true}]}}