{"id":3730,"date":"2022-12-04T18:51:33","date_gmt":"2022-12-04T18:51:33","guid":{"rendered":"https:\/\/forestone-design.com\/?post_type=product&#038;p=3730"},"modified":"2025-09-30T00:53:54","modified_gmt":"2025-09-30T00:53:54","slug":"umetniski-lesen-umivalnik-calla-lily","status":"publish","type":"product","link":"https:\/\/forestone-design.com\/en\/product\/umetniski-lesen-umivalnik-calla-lily\/","title":{"rendered":"Lesen umivalnik iz hrasta CALLA LILY"},"content":{"rendered":"<p>Luksuz vsakdanjega \u017eivljenja.<\/p>\n<p><strong>FORESTONE DESIGN leseni umivalniki so umivalniki z edinstvenim zna\u010dajem. Izdelani iz prvovrstnega lesa in ro\u010dno oblikovani vas tudi v udobju doma povezujejo z naravo.\u00a0<\/strong>Ker je vsak umivalnik ro\u010dno izdelan, ga je mogo\u010de povsem prilagoditi va\u0161im \u017eeljam.<\/p>","protected":false},"excerpt":{"rendered":"<p>Ro\u010dno izdelan lesen umivalnik CALLA LILY je oblikovan po navdhu istoimenske cvetlice. Narejen je iz cenjenega hrastovega lesa in dopolnjen z epoksi smolo.<\/p>\n<p>Umivalnik ima standardno odto\u010dno odprtino in omogo\u010da enostavno monta\u017eo.<\/p>\n<p>Umivalnik je zaklju\u010den s 7 sloji za\u0161\u010dite (epoksi in zelo kvaliteten mat lak), tako da je trajno vodoodporen in ne potrebuje nobenega dodatnega vzdr\u017eevanja.<\/p>\n<p>Odlo\u010ditev za nakup tovrstnega lesenega umivalnika predstavlja trajnostno odlo\u010ditev, ki v vseh fazah izdelave spodbuja lokalno gospodarstvo. Izdelek je ro\u010dno oblikovan v Sloveniji, iz slovenskega lesa. .<\/p>\n<p><strong>Mere umivalnika: 57,5 cm x 36 cm x 19 cm (vi\u0161ina)<\/strong><\/p>\n<p><strong>V fizi\u010dni trgovini <a href=\"https:\/\/www.vistra-butik.si\/sl\/\">VISTRA BUTIK<\/a> v Dom\u017ealah si lahko leseni umivalnik CALLA LILY ogledate tudi v \u017eivo. Vabljeni!\u00a0<\/strong><\/p>\n<p><strong>CENA PO POVPRA\u0160EVANJU:<\/strong>\u00a0<a href=\"mailto:%20forestone.info@gmail.com\">forestone.info@gmail.com<\/a><\/p>","protected":false},"featured_media":3624,"comment_status":"open","ping_status":"closed","template":"","meta":{"om_disable_all_campaigns":false,"inline_featured_image":false,"_monsterinsights_skip_tracking":false,"_monsterinsights_sitenote_active":false,"_monsterinsights_sitenote_note":"","_monsterinsights_sitenote_category":0},"product_cat":[68],"product_tag":[69],"aioseo_notices":[],"_links":{"self":[{"href":"https:\/\/forestone-design.com\/en\/wp-json\/wp\/v2\/product\/3730"}],"collection":[{"href":"https:\/\/forestone-design.com\/en\/wp-json\/wp\/v2\/product"}],"about":[{"href":"https:\/\/forestone-design.com\/en\/wp-json\/wp\/v2\/types\/product"}],"replies":[{"embeddable":true,"href":"https:\/\/forestone-design.com\/en\/wp-json\/wp\/v2\/comments?post=3730"}],"wp:featuredmedia":[{"embeddable":true,"href":"https:\/\/forestone-design.com\/en\/wp-json\/wp\/v2\/media\/3624"}],"wp:attachment":[{"href":"https:\/\/forestone-design.com\/en\/wp-json\/wp\/v2\/media?parent=3730"}],"wp:term":[{"taxonomy":"product_cat","embeddable":true,"href":"https:\/\/forestone-design.com\/en\/wp-json\/wp\/v2\/product_cat?post=3730"},{"taxonomy":"product_tag","embeddable":true,"href":"https:\/\/forestone-design.com\/en\/wp-json\/wp\/v2\/product_tag?post=3730"}],"curies":[{"name":"wp","href":"https:\/\/api.w.org\/{rel}","templated":true}]}}