{"id":3729,"date":"2022-12-04T18:41:21","date_gmt":"2022-12-04T18:41:21","guid":{"rendered":"https:\/\/forestone-design.com\/?post_type=product&#038;p=3729"},"modified":"2025-08-20T15:23:57","modified_gmt":"2025-08-20T15:23:57","slug":"asimetricen-lesen-umivalnik-oak","status":"publish","type":"product","link":"https:\/\/forestone-design.com\/en\/product\/asimetricen-lesen-umivalnik-oak\/","title":{"rendered":"Asimetri\u010den lesen umivalnik OAK"},"content":{"rendered":"<p>Luksuz vsakdanjega \u017eivljenja.<\/p>\n<p><strong>FORESTONE DESIGN leseni umivalniki so umivalniki z edinstvenim zna\u010dajem. Izdelani iz prvovrstnega lesa in ro\u010dno oblikovani vas tudi v udobju doma povezujejo z naravo.\u00a0<\/strong>Ker je vsak umivalnik ro\u010dno izdelan, ga je mogo\u010de povsem prilagoditi va\u0161im \u017eeljam.<\/p>","protected":false},"excerpt":{"rendered":"<p>Ro\u010dno izdelan lesen umivalnik OAK\u00a0 je narejen iz cenjenega hrastovega lesa, oblika umivalnika pa spominja na hrastov list.<\/p>\n<p>Umivalnik ima standardno odto\u010dno odprtino in omogo\u010da enostavno monta\u017eo.<\/p>\n<p>Umivalnik je zaklju\u010den s 7 sloji za\u0161\u010dite (epoksi in zelo kvaliteten mat lak), tako da je trajno vodoodporen in ne potrebuje nobenega dodatnega vzdr\u017eevanja.<\/p>\n<p>Odlo\u010ditev za nakup tovrstnega lesenega umivalnika predstavlja trajnostno odlo\u010ditev, ki v vseh fazah izdelave spodbuja lokalno gospodarstvo. Izdelek je ro\u010dno oblikovan v Sloveniji, iz slovenskega lesa. .<\/p>\n<p><strong>Mere umivalnika: 67,5 cm x 38,5 cm x 15 cm (vi\u0161ina)<\/strong><\/p>\n<p><strong>CENA PO POVPRA\u0160EVANJU:<\/strong>\u00a0<a href=\"mailto:%20forestone.info@gmail.com\">forestone.info@gmail.com<\/a><\/p>","protected":false},"featured_media":3708,"comment_status":"open","ping_status":"closed","template":"","meta":{"om_disable_all_campaigns":false,"inline_featured_image":false,"_monsterinsights_skip_tracking":false,"_monsterinsights_sitenote_active":false,"_monsterinsights_sitenote_note":"","_monsterinsights_sitenote_category":0},"product_cat":[68],"product_tag":[],"aioseo_notices":[],"_links":{"self":[{"href":"https:\/\/forestone-design.com\/en\/wp-json\/wp\/v2\/product\/3729"}],"collection":[{"href":"https:\/\/forestone-design.com\/en\/wp-json\/wp\/v2\/product"}],"about":[{"href":"https:\/\/forestone-design.com\/en\/wp-json\/wp\/v2\/types\/product"}],"replies":[{"embeddable":true,"href":"https:\/\/forestone-design.com\/en\/wp-json\/wp\/v2\/comments?post=3729"}],"wp:featuredmedia":[{"embeddable":true,"href":"https:\/\/forestone-design.com\/en\/wp-json\/wp\/v2\/media\/3708"}],"wp:attachment":[{"href":"https:\/\/forestone-design.com\/en\/wp-json\/wp\/v2\/media?parent=3729"}],"wp:term":[{"taxonomy":"product_cat","embeddable":true,"href":"https:\/\/forestone-design.com\/en\/wp-json\/wp\/v2\/product_cat?post=3729"},{"taxonomy":"product_tag","embeddable":true,"href":"https:\/\/forestone-design.com\/en\/wp-json\/wp\/v2\/product_tag?post=3729"}],"curies":[{"name":"wp","href":"https:\/\/api.w.org\/{rel}","templated":true}]}}