{"id":3547,"date":"2022-11-07T18:29:33","date_gmt":"2022-11-07T18:29:33","guid":{"rendered":"https:\/\/forestone-design.com\/?post_type=product&#038;p=3547"},"modified":"2025-09-16T11:55:22","modified_gmt":"2025-09-16T11:55:22","slug":"unikatni-lesen-umivalnik-fiore","status":"publish","type":"product","link":"https:\/\/forestone-design.com\/en\/product\/unikatni-lesen-umivalnik-fiore\/","title":{"rendered":"Lesen umivalnik FIORE"},"content":{"rendered":"<p><strong>FORESTONE DESIGN leseni umivalniki so umivalniki z edinstvenim zna\u010dajem. Izdelani so iz prvovrstnega lesa in ro\u010dno oblikovani.<\/strong><\/p>\n<p>&nbsp;<\/p>\n<p>&nbsp;<\/p>","protected":false},"excerpt":{"rendered":"<p>Povsem ro\u010dno izdelan lesen umivalnik FIORE se pona\u0161a z obliko cveta in predstavlja edinstveno dopolnitev vsake kopalnice ali SPA-ja. Gre za element, ki prostor spremeni v pravo oazo dobrega po\u010dutja, saj je les material, ki iz\u017eareva mir, doma\u010dnost in toplino.<\/p>\n<p>Dizajn tega nevsakdanjega umivalnika je oblikovan iz cenjenega lesa oreha, ki zaradi svojega atraktivnega izgleda spada med najbolj iskane.<\/p>\n<p>Umivalnik ima standardno odto\u010dno odprtino in omogo\u010da enostavno monta\u017eo.<\/p>\n<p>Umivalnik je zaklju\u010den s 7 sloji za\u0161\u010dite (epoksi in zelo kvaliteten mat lak), tako da je trajno vodoodporen in ne potrebuje nobenega dodatnega vzdr\u017eevanja.<\/p>\n<p>Odlo\u010ditev za nakup tovrstnega lesenega umivalnika predstavlja trajnostno odlo\u010ditev, ki v vseh fazah izdelave spodbuja lokalno gospodarstvo. Izdelek je namre\u010d narejen v Sloveniji, iz slovenskega lesa. .<\/p>\n<p><strong>Mere umivalnika: 51 cm x 48 cm x 17 cm (vi\u0161ina)<\/strong><\/p>\n<p><strong>CENA PO POVPRA\u0160EVANJU:<\/strong> <a href=\"mailto: forestone.info@gmail.com\">forestone.info@gmail.com\u00a0<\/a><\/p>\n<p><strong>V fizi\u010dni trgovini <a href=\"https:\/\/www.vistra-butik.si\/sl\/\">VISTRA BUTIK<\/a> v Dom\u017ealah si lahko lesen umivalnik FIORE ogledate tudi v \u017eivo. Vabljeni!\u00a0\u00a0<\/strong><\/p>\n<p>&nbsp;<\/p>","protected":false},"featured_media":3734,"comment_status":"open","ping_status":"closed","template":"","meta":{"om_disable_all_campaigns":false,"inline_featured_image":false,"_monsterinsights_skip_tracking":false,"_monsterinsights_sitenote_active":false,"_monsterinsights_sitenote_note":"","_monsterinsights_sitenote_category":0},"product_cat":[68],"product_tag":[],"aioseo_notices":[],"_links":{"self":[{"href":"https:\/\/forestone-design.com\/en\/wp-json\/wp\/v2\/product\/3547"}],"collection":[{"href":"https:\/\/forestone-design.com\/en\/wp-json\/wp\/v2\/product"}],"about":[{"href":"https:\/\/forestone-design.com\/en\/wp-json\/wp\/v2\/types\/product"}],"replies":[{"embeddable":true,"href":"https:\/\/forestone-design.com\/en\/wp-json\/wp\/v2\/comments?post=3547"}],"wp:featuredmedia":[{"embeddable":true,"href":"https:\/\/forestone-design.com\/en\/wp-json\/wp\/v2\/media\/3734"}],"wp:attachment":[{"href":"https:\/\/forestone-design.com\/en\/wp-json\/wp\/v2\/media?parent=3547"}],"wp:term":[{"taxonomy":"product_cat","embeddable":true,"href":"https:\/\/forestone-design.com\/en\/wp-json\/wp\/v2\/product_cat?post=3547"},{"taxonomy":"product_tag","embeddable":true,"href":"https:\/\/forestone-design.com\/en\/wp-json\/wp\/v2\/product_tag?post=3547"}],"curies":[{"name":"wp","href":"https:\/\/api.w.org\/{rel}","templated":true}]}}