{"id":3272,"date":"2022-09-21T11:55:58","date_gmt":"2022-09-21T11:55:58","guid":{"rendered":"https:\/\/forestone-design.com\/?post_type=product&#038;p=3272"},"modified":"2025-08-29T15:45:42","modified_gmt":"2025-08-29T15:45:42","slug":"luksuzni-kamnit-umivalnik-king","status":"publish","type":"product","link":"https:\/\/forestone-design.com\/en\/product\/luksuzni-kamnit-umivalnik-king\/","title":{"rendered":"Kamnit umivalnik BLACK PEARL"},"content":{"rendered":"<p><strong>ZANIMIVOSTI O KAMNINI:<\/strong><\/p>\n<p>Litiotidni apnenec je nastal iz sedimentov, ki so se pred okoli 185 milijoni let usedali v plitvem morju Dinarske karbonatne platforme. Kamnina je ime dobila po eni na\u0161ih najbolj zanimivih in pomembnih fosilnih skupin, po litiotidnih \u0161koljkah.<\/p>\n<p>Bele lupine fosilnih \u0161koljk v temno sivem do \u010drnem apnencu sestavljajo okrasno kombinacijo, ki je bila iskana in cenjena \u017ee v \u010dasu Rimljanov. Le to so izkopavali v danes za\u0161\u010ditenem Podpe\u0161kem kamnolomu, mimo katerega so preusmerili tudi strugo reke Ljubljanice in po njej nato transportirali kamnino do takratne Emone.Ta kamen \u0161e danes sestavlja ene izmed najlep\u0161ih arhitekturnih del v Ljubljani, kot so Narodna univerzitetna knji\u017enica, Parlament Republike Slovenije, Ustavno sodi\u0161\u010de Republike Slovenije idr.<\/p>","protected":false},"excerpt":{"rendered":"<p>\u010crn <a href=\"https:\/\/forestone-design.com\/en\/2022\/09\/29\/kako-nastajajo-kamniti-umivalniki-forstone-design\/\">kamnit umivalnik<\/a> narejen iz cenjenega litioitidnega apnenca je svojevrstno umetni\u0161ko delo. Gre za edinstveni izdelek, ki v prostoru deluje izjemno presti\u017eno. Na umivalniku iz naravnega kamna so lepo vidne naravne bele linije, ki predstavljajo fosilne ostanke belih \u0161koljk.<\/p>\n<p>Zunanja stran kamnitega umivalnika je oblikovana v robustno, naravno ovalno obliko. Notranja stran umivalnika pa je visoko polirana in za\u0161\u010ditena z impregnacijo proti nabiranju vodnega kamna. Tovrstna obdelava kamna ustvarja \u010dudovit kontrast oblik med grobim zunanjim delom umivalnika in fino spoliranim notranjim delom.<\/p>\n<p><strong>Kamnit umivalnik FORESTONE DESIGN je povsem ro\u010dno oblikovan unikat.<\/strong><\/p>\n<p>Delo se za\u010dne \u017ee pri iskanju primernega kamna (gre za do 250kg te\u017eke monolite). Proces oblikovanja pa se za\u010dne v FORESTONE DESIGN delavnici, kjer se v prvem koraku izri\u0161e groba oblika umivalnika. Nato sledi ve\u010d dnevno ro\u010dno rezanje in klesanje kamna do \u017eelene podobe. V naslednjem koraku sledi postopek bru\u0161enja s katerim odstranimo vse sledove orodij iz prej\u0161njih korakov. Sledi natan\u010dno vrtanje odto\u010dne odprtine. Predzadnji korak je poliranje do visokega sijaja, zadnji korak pa je ve\u010dslojni nanos impregnacijske nano za\u0161\u010dite. Zadnji korak za\u0161\u010diti umivalnik pred umazanijo in vodo ter podalj\u0161a njegovo \u017eivljenjsko dobo.<\/p>\n<p><strong>Narejeno v Sloveniji.<\/strong><\/p>\n<p><strong>Mere umivalnika: 58 x 33,5 x v 17,5 cm\u00a0<\/strong><\/p>\n<p><strong>CENA PO POVPRA\u0160EVANJU:<\/strong> <a href=\"mailto: forestone.info@gmail.com\">forestone.info@gmail.com<\/a><\/p>","protected":false},"featured_media":3254,"comment_status":"open","ping_status":"closed","template":"","meta":{"om_disable_all_campaigns":false,"inline_featured_image":false,"_monsterinsights_skip_tracking":false,"_monsterinsights_sitenote_active":false,"_monsterinsights_sitenote_note":"","_monsterinsights_sitenote_category":0},"product_cat":[63],"product_tag":[],"aioseo_notices":[],"_links":{"self":[{"href":"https:\/\/forestone-design.com\/en\/wp-json\/wp\/v2\/product\/3272"}],"collection":[{"href":"https:\/\/forestone-design.com\/en\/wp-json\/wp\/v2\/product"}],"about":[{"href":"https:\/\/forestone-design.com\/en\/wp-json\/wp\/v2\/types\/product"}],"replies":[{"embeddable":true,"href":"https:\/\/forestone-design.com\/en\/wp-json\/wp\/v2\/comments?post=3272"}],"wp:featuredmedia":[{"embeddable":true,"href":"https:\/\/forestone-design.com\/en\/wp-json\/wp\/v2\/media\/3254"}],"wp:attachment":[{"href":"https:\/\/forestone-design.com\/en\/wp-json\/wp\/v2\/media?parent=3272"}],"wp:term":[{"taxonomy":"product_cat","embeddable":true,"href":"https:\/\/forestone-design.com\/en\/wp-json\/wp\/v2\/product_cat?post=3272"},{"taxonomy":"product_tag","embeddable":true,"href":"https:\/\/forestone-design.com\/en\/wp-json\/wp\/v2\/product_tag?post=3272"}],"curies":[{"name":"wp","href":"https:\/\/api.w.org\/{rel}","templated":true}]}}