{"id":3185,"date":"2022-09-21T10:34:54","date_gmt":"2022-09-21T10:34:54","guid":{"rendered":"https:\/\/forestone-design.com\/?post_type=product&#038;p=3185"},"modified":"2025-09-16T11:53:55","modified_gmt":"2025-09-16T11:53:55","slug":"unikatni-luksuzni-kamnit-umivalnik-moon","status":"publish","type":"product","link":"https:\/\/forestone-design.com\/en\/product\/unikatni-luksuzni-kamnit-umivalnik-moon\/","title":{"rendered":"Kamnit umivalnik MOON"},"content":{"rendered":"","protected":false},"excerpt":{"rendered":"<p>Zunanja stran umivalnika je oblikovana v robustno, naravno ovalno obliko. Notranja stran umivalnika pa je visoko polirana in za\u0161\u010ditena z impregnacijo proti nabiranju vodnega kamna. Tovrstna obdelava kamna ustvarja \u010dudovit kontrast oblik med grobim zunanjim delom umivalnika in fino spoliranim notranjim delom.<\/p>\n<p><strong>Umivalnik MOON je povsem ro\u010dno oblikovan unikat.<\/strong><\/p>\n<p>Delo se za\u010dne \u017ee pri iskanju primernega kamna (gre za do 250kg te\u017eke monolite). Proces oblikovanja pa se za\u010dne v FORESTONE DESIGN delavnici, kjer se v prvem koraku izri\u0161e groba oblika umivalnika. Nato sledi ve\u010d dnevno ro\u010dno rezanje in klesanje kamna do \u017eelene podobe. V naslednjem koraku sledi postopek bru\u0161enja s katerim odstranimo vse sledove orodij iz prej\u0161njih korakov. Sledi natan\u010dno vrtanje odto\u010dne odprtine. Predzadnji korak je poliranje do visokega sijaja, zadnji korak pa je ve\u010dslojni nanos impregnacijske nano za\u0161\u010dite. Zadnji korak za\u0161\u010diti umivalnik pred umazanijo in vodo ter podalj\u0161a njegovo \u017eivljenjsko dobo.<\/p>\n<p><strong>Narejeno v Sloveniji.<\/strong><\/p>\n<p><strong>Mere umivalnika: 57 x 39 x v17cm<\/strong><\/p>\n<p><strong>Kon\u010dna te\u017ea umivalnika: 45 kg<\/strong><\/p>\n<p>Prvotna te\u017ea kamna, iz katerega je bi izklesan umivalnik: 120 kg<\/p>\n<p><strong>CENA PO POVPRA\u0160EVANJU:<\/strong> <a href=\"mailto: forestone.info@gmail.com\">forestone.info@gmail.com<\/a><\/p>","protected":false},"featured_media":3183,"comment_status":"open","ping_status":"closed","template":"","meta":{"om_disable_all_campaigns":false,"inline_featured_image":false,"_monsterinsights_skip_tracking":false,"_monsterinsights_sitenote_active":false,"_monsterinsights_sitenote_note":"","_monsterinsights_sitenote_category":0},"product_cat":[63],"product_tag":[64],"aioseo_notices":[],"_links":{"self":[{"href":"https:\/\/forestone-design.com\/en\/wp-json\/wp\/v2\/product\/3185"}],"collection":[{"href":"https:\/\/forestone-design.com\/en\/wp-json\/wp\/v2\/product"}],"about":[{"href":"https:\/\/forestone-design.com\/en\/wp-json\/wp\/v2\/types\/product"}],"replies":[{"embeddable":true,"href":"https:\/\/forestone-design.com\/en\/wp-json\/wp\/v2\/comments?post=3185"}],"wp:featuredmedia":[{"embeddable":true,"href":"https:\/\/forestone-design.com\/en\/wp-json\/wp\/v2\/media\/3183"}],"wp:attachment":[{"href":"https:\/\/forestone-design.com\/en\/wp-json\/wp\/v2\/media?parent=3185"}],"wp:term":[{"taxonomy":"product_cat","embeddable":true,"href":"https:\/\/forestone-design.com\/en\/wp-json\/wp\/v2\/product_cat?post=3185"},{"taxonomy":"product_tag","embeddable":true,"href":"https:\/\/forestone-design.com\/en\/wp-json\/wp\/v2\/product_tag?post=3185"}],"curies":[{"name":"wp","href":"https:\/\/api.w.org\/{rel}","templated":true}]}}