{"id":2838,"date":"2022-08-11T22:06:23","date_gmt":"2022-08-11T22:06:23","guid":{"rendered":"https:\/\/forestone-design.com\/?post_type=product&#038;p=2838"},"modified":"2025-08-29T16:00:47","modified_gmt":"2025-08-29T16:00:47","slug":"masivna-umetniska-lesena-skleda","status":"publish","type":"product","link":"https:\/\/forestone-design.com\/en\/product\/masivna-umetniska-lesena-skleda\/","title":{"rendered":"Lesena skleda iz bresta"},"content":{"rendered":"<p>V osrc\u030cju znamke <a href=\"https:\/\/forestone-design.com\/en\/about-2\/\">FORESTONE DESIGN<\/a> sta z\u030ce od samega zac\u030cetka moc\u030cna z\u030celja po zdruz\u030citvi trajnostnega oblikovanja, visoke kakovosti in umetnis\u030cke vrednosti.<\/p>","protected":false},"excerpt":{"rendered":"<p>Masivna skleda za sadje iz lesa bresta. Gre za ro\u010dno narejen izdelek, ki se poleg uporabnosti lahko pohvali tudi z umetni\u0161ko vrednostjo in edinstvenim dizajnom.<\/p>\n<p>Ker so izdelki FORESTONE DESIGN narejeni izklju\u010dno s pomo\u010djo ro\u010dnega orodja in manj\u0161ih ro\u010dnih strojev, je sam proces izdelave dolgotrajen in zahteven, a se trud izpa\u010da&#8230; Kon\u010dni izdelki so namre\u010d tako edinstveni in vsak zase brez besed pripovedujejo svojo zgodbo rokodelske umetnosti.<\/p>\n<p><strong>Ro\u010dno narejeno v Sloveniji, iz slovenskega lesa.<\/strong><\/p>\n<p><strong>Mere sklede: 33 x 29 x v13<\/strong><\/p>","protected":false},"featured_media":2839,"comment_status":"open","ping_status":"closed","template":"","meta":{"om_disable_all_campaigns":false,"inline_featured_image":false,"_monsterinsights_skip_tracking":false,"_monsterinsights_sitenote_active":false,"_monsterinsights_sitenote_note":"","_monsterinsights_sitenote_category":0},"product_cat":[67],"product_tag":[],"aioseo_notices":[],"_links":{"self":[{"href":"https:\/\/forestone-design.com\/en\/wp-json\/wp\/v2\/product\/2838"}],"collection":[{"href":"https:\/\/forestone-design.com\/en\/wp-json\/wp\/v2\/product"}],"about":[{"href":"https:\/\/forestone-design.com\/en\/wp-json\/wp\/v2\/types\/product"}],"replies":[{"embeddable":true,"href":"https:\/\/forestone-design.com\/en\/wp-json\/wp\/v2\/comments?post=2838"}],"wp:featuredmedia":[{"embeddable":true,"href":"https:\/\/forestone-design.com\/en\/wp-json\/wp\/v2\/media\/2839"}],"wp:attachment":[{"href":"https:\/\/forestone-design.com\/en\/wp-json\/wp\/v2\/media?parent=2838"}],"wp:term":[{"taxonomy":"product_cat","embeddable":true,"href":"https:\/\/forestone-design.com\/en\/wp-json\/wp\/v2\/product_cat?post=2838"},{"taxonomy":"product_tag","embeddable":true,"href":"https:\/\/forestone-design.com\/en\/wp-json\/wp\/v2\/product_tag?post=2838"}],"curies":[{"name":"wp","href":"https:\/\/api.w.org\/{rel}","templated":true}]}}