{"id":544,"date":"2015-08-12T12:42:39","date_gmt":"2015-08-12T12:42:39","guid":{"rendered":"http:\/\/savoy.nordicmade.com\/?page_id=370"},"modified":"2023-02-13T12:13:45","modified_gmt":"2023-02-13T12:13:45","slug":"contact-2","status":"publish","type":"page","link":"https:\/\/forestone-design.com\/en\/contact-2\/","title":{"rendered":"Contact"},"content":{"rendered":"<div data-elementor-type=\"wp-page\" data-elementor-id=\"544\" class=\"elementor elementor-544\">\n\t\t\t\t\t\t\t\t\t<section class=\"elementor-section elementor-top-section elementor-element elementor-element-2852ede elementor-section-boxed elementor-section-height-default elementor-section-height-default\" data-id=\"2852ede\" data-element_type=\"section\">\n\t\t\t\t\t\t<div class=\"elementor-container elementor-column-gap-extended\">\n\t\t\t\t\t<div class=\"elementor-column elementor-col-100 elementor-top-column elementor-element elementor-element-acdbd75\" data-id=\"acdbd75\" data-element_type=\"column\">\n\t\t\t<div class=\"elementor-widget-wrap elementor-element-populated\">\n\t\t\t\t\t\t\t\t<div class=\"elementor-element elementor-element-7a672f6 elementor-widget elementor-widget-heading\" data-id=\"7a672f6\" data-element_type=\"widget\" data-widget_type=\"heading.default\">\n\t\t\t\t<div class=\"elementor-widget-container\">\n\t\t\t<style>\/*! elementor - v3.6.8 - 27-07-2022 *\/\n.elementor-heading-title{padding:0;margin:0;line-height:1}.elementor-widget-heading .elementor-heading-title[class*=elementor-size-]>a{color:inherit;font-size:inherit;line-height:inherit}.elementor-widget-heading .elementor-heading-title.elementor-size-small{font-size:15px}.elementor-widget-heading .elementor-heading-title.elementor-size-medium{font-size:19px}.elementor-widget-heading .elementor-heading-title.elementor-size-large{font-size:29px}.elementor-widget-heading .elementor-heading-title.elementor-size-xl{font-size:39px}.elementor-widget-heading .elementor-heading-title.elementor-size-xxl{font-size:59px}<\/style><h2 class=\"elementor-heading-title elementor-size-default\">Vstopite v stik z nami.<\/h2>\t\t<\/div>\n\t\t\t\t<\/div>\n\t\t\t\t\t<\/div>\n\t\t<\/div>\n\t\t\t\t\t\t\t<\/div>\n\t\t<\/section>\n\t\t\t\t<section class=\"elementor-section elementor-top-section elementor-element elementor-element-089834f elementor-section-boxed elementor-section-height-default elementor-section-height-default\" data-id=\"089834f\" data-element_type=\"section\">\n\t\t\t\t\t\t<div class=\"elementor-container elementor-column-gap-extended\">\n\t\t\t\t\t<div class=\"elementor-column elementor-col-33 elementor-top-column elementor-element elementor-element-87e6166\" data-id=\"87e6166\" data-element_type=\"column\">\n\t\t\t<div class=\"elementor-widget-wrap elementor-element-populated\">\n\t\t\t\t\t\t\t\t<div class=\"elementor-element elementor-element-82d61f1 elementor-widget elementor-widget-nm-feature\" data-id=\"82d61f1\" data-element_type=\"widget\" data-widget_type=\"nm-feature.default\">\n\t\t\t\t<div class=\"elementor-widget-container\">\n\t\t\t\r\n\t\t\t<div class=\"nm-feature layout-icon_left icon-style-simple bottom-spacing-small\"><div class=\"nm-feature-icon\"><i class=\"pe-7s-phone\"><\/i><\/div>\r\n\t\t\t\t<div class=\"nm-feature-content\"><h2>Contact<\/h2>\r\n\t\t\t\t\t<div class=\"wpb_text_column\"><p>Telefon: 051 652 175<\/p>\n<\/div>\r\n\t\t\t\t<\/div>\r\n\t\t\t<\/div>\t\t<\/div>\n\t\t\t\t<\/div>\n\t\t\t\t\t<\/div>\n\t\t<\/div>\n\t\t\t\t<div class=\"elementor-column elementor-col-33 elementor-top-column elementor-element elementor-element-38a8554\" data-id=\"38a8554\" data-element_type=\"column\">\n\t\t\t<div class=\"elementor-widget-wrap elementor-element-populated\">\n\t\t\t\t\t\t\t\t<div class=\"elementor-element elementor-element-d1356b8 elementor-widget elementor-widget-nm-feature\" data-id=\"d1356b8\" data-element_type=\"widget\" data-widget_type=\"nm-feature.default\">\n\t\t\t\t<div class=\"elementor-widget-container\">\n\t\t\t\r\n\t\t\t<div class=\"nm-feature layout-icon_left icon-style-simple bottom-spacing-small\"><div class=\"nm-feature-icon\"><i class=\"pe-7s-news-paper\"><\/i><\/div>\r\n\t\t\t\t<div class=\"nm-feature-content\"><h2>Podatki o podjetju<\/h2>\r\n\t\t\t\t\t<div class=\"wpb_text_column\"><p>Maja Kova\u010d, s.p.<br \/>\nCesta Ceneta \u0160tuparja 159, 1231 \u010crnu\u010de<br \/>\nDav\u010dna \u0161tevilka: 99151502<br \/>\nMati\u010dna \u0161tevilka: 8704686000<\/p>\n<\/div>\r\n\t\t\t\t<\/div>\r\n\t\t\t<\/div>\t\t<\/div>\n\t\t\t\t<\/div>\n\t\t\t\t\t<\/div>\n\t\t<\/div>\n\t\t\t\t<div class=\"elementor-column elementor-col-33 elementor-top-column elementor-element elementor-element-12e3bbf\" data-id=\"12e3bbf\" data-element_type=\"column\">\n\t\t\t<div class=\"elementor-widget-wrap elementor-element-populated\">\n\t\t\t\t\t\t\t\t<div class=\"elementor-element elementor-element-3029f1f elementor-widget elementor-widget-nm-feature\" data-id=\"3029f1f\" data-element_type=\"widget\" data-widget_type=\"nm-feature.default\">\n\t\t\t\t<div class=\"elementor-widget-container\">\n\t\t\t\r\n\t\t\t<div class=\"nm-feature layout-icon_left icon-style-simple bottom-spacing-small\"><div class=\"nm-feature-icon\"><i class=\"pe-7s-mail-open-file\"><\/i><\/div>\r\n\t\t\t\t<div class=\"nm-feature-content\"><h2>E-mail<\/h2>\r\n\t\t\t\t\t<div class=\"wpb_text_column\"><p>Po\u0161ljite povpra\u0161evanje na spodnji email naslov.<\/p>\n<p><a href = \"mailto: forestone.info@gmail.com\">forestone.info@gmail.com<\/a><\/p>\n<\/div>\r\n\t\t\t\t<\/div>\r\n\t\t\t<\/div>\t\t<\/div>\n\t\t\t\t<\/div>\n\t\t\t\t\t<\/div>\n\t\t<\/div>\n\t\t\t\t\t\t\t<\/div>\n\t\t<\/section>\n\t\t\t\t<section class=\"elementor-section elementor-top-section elementor-element elementor-element-03bfeb3 elementor-section-boxed elementor-section-height-default elementor-section-height-default\" data-id=\"03bfeb3\" data-element_type=\"section\">\n\t\t\t\t\t\t<div class=\"elementor-container elementor-column-gap-default\">\n\t\t\t\t\t<div class=\"elementor-column elementor-col-100 elementor-top-column elementor-element elementor-element-54f1912\" data-id=\"54f1912\" data-element_type=\"column\">\n\t\t\t<div class=\"elementor-widget-wrap elementor-element-populated\">\n\t\t\t\t\t\t\t\t<div class=\"elementor-element elementor-element-576ece0 elementor-widget elementor-widget-image\" data-id=\"576ece0\" data-element_type=\"widget\" data-widget_type=\"image.default\">\n\t\t\t\t<div class=\"elementor-widget-container\">\n\t\t\t<style>\/*! elementor - v3.6.8 - 27-07-2022 *\/\n.elementor-widget-image{text-align:center}.elementor-widget-image a{display:inline-block}.elementor-widget-image a img[src$=\".svg\"]{width:48px}.elementor-widget-image img{vertical-align:middle;display:inline-block}<\/style>\t\t\t\t\t\t\t\t\t\t\t\t<img width=\"1024\" height=\"683\" src=\"https:\/\/forestone-design.com\/wp-content\/uploads\/2023\/02\/IMG_1188-1024x683.jpg\" class=\"attachment-large size-large\" alt=\"\" loading=\"lazy\" srcset=\"https:\/\/forestone-design.com\/wp-content\/uploads\/2023\/02\/IMG_1188-1024x683.jpg 1024w, https:\/\/forestone-design.com\/wp-content\/uploads\/2023\/02\/IMG_1188-300x200.jpg 300w, https:\/\/forestone-design.com\/wp-content\/uploads\/2023\/02\/IMG_1188-768x512.jpg 768w, https:\/\/forestone-design.com\/wp-content\/uploads\/2023\/02\/IMG_1188-1536x1024.jpg 1536w, https:\/\/forestone-design.com\/wp-content\/uploads\/2023\/02\/IMG_1188-18x12.jpg 18w, https:\/\/forestone-design.com\/wp-content\/uploads\/2023\/02\/IMG_1188-1320x880.jpg 1320w, https:\/\/forestone-design.com\/wp-content\/uploads\/2023\/02\/IMG_1188-350x233.jpg 350w, https:\/\/forestone-design.com\/wp-content\/uploads\/2023\/02\/IMG_1188-680x453.jpg 680w, https:\/\/forestone-design.com\/wp-content\/uploads\/2023\/02\/IMG_1188.jpg 2048w\" sizes=\"(max-width: 1024px) 100vw, 1024px\" \/>\t\t\t\t\t\t\t\t\t\t\t\t\t\t\t<\/div>\n\t\t\t\t<\/div>\n\t\t\t\t\t<\/div>\n\t\t<\/div>\n\t\t\t\t\t\t\t<\/div>\n\t\t<\/section>\n\t\t\t\t\t\t\t<\/div>","protected":false},"excerpt":{"rendered":"<p>Vstopite v stik z nami. Kontakt Telefon: 051 652 175 Podatki o podjetju Maja Kova\u010d, s.p. Cesta Ceneta \u0160tuparja 159, 1231 \u010crnu\u010de Dav\u010dna \u0161tevilka: 99151502 Mati\u010dna \u0161tevilka: 8704686000 E-mail Po\u0161ljite povpra\u0161evanje na spodnji email naslov. forestone.info@gmail.com<\/p>","protected":false},"author":1,"featured_media":0,"parent":0,"menu_order":0,"comment_status":"closed","ping_status":"closed","template":"","meta":{"om_disable_all_campaigns":false,"inline_featured_image":false,"_monsterinsights_skip_tracking":false,"_monsterinsights_sitenote_active":false,"_monsterinsights_sitenote_note":"","_monsterinsights_sitenote_category":0},"aioseo_notices":[],"_links":{"self":[{"href":"https:\/\/forestone-design.com\/en\/wp-json\/wp\/v2\/pages\/544"}],"collection":[{"href":"https:\/\/forestone-design.com\/en\/wp-json\/wp\/v2\/pages"}],"about":[{"href":"https:\/\/forestone-design.com\/en\/wp-json\/wp\/v2\/types\/page"}],"author":[{"embeddable":true,"href":"https:\/\/forestone-design.com\/en\/wp-json\/wp\/v2\/users\/1"}],"replies":[{"embeddable":true,"href":"https:\/\/forestone-design.com\/en\/wp-json\/wp\/v2\/comments?post=544"}],"version-history":[{"count":27,"href":"https:\/\/forestone-design.com\/en\/wp-json\/wp\/v2\/pages\/544\/revisions"}],"predecessor-version":[{"id":3976,"href":"https:\/\/forestone-design.com\/en\/wp-json\/wp\/v2\/pages\/544\/revisions\/3976"}],"wp:attachment":[{"href":"https:\/\/forestone-design.com\/en\/wp-json\/wp\/v2\/media?parent=544"}],"curies":[{"name":"wp","href":"https:\/\/api.w.org\/{rel}","templated":true}]}}